{"id":9,"date":"2025-02-20T18:41:09","date_gmt":"2025-02-20T18:41:09","guid":{"rendered":"http:\/\/deltaincoming.pl\/?page_id=9"},"modified":"2025-02-20T18:58:22","modified_gmt":"2025-02-20T18:58:22","slug":"deltaincoming","status":"publish","type":"page","link":"https:\/\/deltaincoming.pl\/index.php\/deltaincoming\/","title":{"rendered":"DeltaIncoming"},"content":{"rendered":"\n<p>adres na sprzeda\u017c (zapytania sjh5000 (at) gmail.com)<\/p>\n\n\n\n<p>Witamy na stronie naszej firmy!<\/p>\n\n\n\n<p>Specjalizujemy si\u0119 w organizacji turystyki incoming, oferuj\u0105c kompleksowe us\u0142ugi dla turyst\u00f3w odwiedzaj\u0105cych nasz kraj. Naszym celem jest zapewnienie niezapomnianych wra\u017ce\u0144, indywidualnie dopasowanych do potrzeb i oczekiwa\u0144 ka\u017cdego klienta.<\/p>\n\n\n\n<p>Oferujemy:<\/p>\n\n\n\n<ul class=\"wp-block-list\">\n<li>Profesjonalne przewodnictwo po najpi\u0119kniejszych zak\u0105tkach kraju<\/li>\n\n\n\n<li>Organizacj\u0119 wycieczek tematycznych i krajoznawczych<\/li>\n\n\n\n<li>Rezerwacje hoteli, transportu i atrakcji turystycznych<\/li>\n\n\n\n<li>Obs\u0142ug\u0119 grup oraz klient\u00f3w indywidualnych<\/li>\n\n\n\n<li>Pe\u0142ne wsparcie logistyczne na ka\u017cdym etapie podr\u00f3\u017cy<\/li>\n<\/ul>\n\n\n\n<p>Pozw\u00f3l nam zadba\u0107 o ka\u017cdy detal Twojego pobytu, aby\u015b m\u00f3g\u0142 w pe\u0142ni cieszy\u0107 si\u0119 urokami naszej kultury, historii i przyrody. Skontaktuj si\u0119 z nami ju\u017c dzi\u015b i zaplanuj swoj\u0105 niezapomnian\u0105 podr\u00f3\u017c!<\/p>\n\n\n\n<div class=\"wp-block-group alignfull has-background-background-color has-background has-global-padding is-layout-constrained wp-container-core-group-is-layout-7276a2bb wp-block-group-is-layout-constrained\" style=\"margin-top:0;margin-bottom:0;padding-top:var(--wp--preset--spacing--60);padding-right:var(--wp--preset--spacing--30);padding-bottom:var(--wp--preset--spacing--60);padding-left:var(--wp--preset--spacing--30)\">\n<div class=\"wp-block-columns alignwide are-vertically-aligned-center is-layout-flex wp-container-core-columns-is-layout-643ced6b wp-block-columns-is-layout-flex\">\n<div class=\"wp-block-column is-vertically-aligned-center is-layout-flow wp-container-core-column-is-layout-119bc444 wp-block-column-is-layout-flow\">\n<div class=\"wp-block-group alignwide has-global-padding is-content-justification-left is-layout-constrained wp-container-core-group-is-layout-8b4c372c wp-block-group-is-layout-constrained\">\n<h2 class=\"wp-block-heading has-large-font-size\">Szczeg\u00f3\u0142owy przegl\u0105d kluczowych statystyk<\/h2>\n\n\n\n<p style=\"margin-top:16px\">Ta sekcja podkre\u015bla istotne statystyki, oferuj\u0105c wgl\u0105d w kluczowe wska\u017aniki wydajno\u015bci i osi\u0105gni\u0119cia.<\/p>\n<\/div>\n\n\n\n<div class=\"wp-block-columns alignwide is-layout-flex wp-container-core-columns-is-layout-08c01c1c wp-block-columns-is-layout-flex\">\n<div class=\"wp-block-column is-layout-flow wp-block-column-is-layout-flow\">\n<h3 class=\"wp-block-heading has-primary-color has-text-color has-large-font-size\">100<\/h3>\n\n\n\n<h3 class=\"wp-block-heading has-medium-font-size\" style=\"margin-top:16px\">Metryka Jeden<\/h3>\n\n\n\n<p class=\"has-small-font-size\" style=\"margin-top:8px\">To jest pierwszy opis, szczeg\u00f3\u0142owo podkre\u015blaj\u0105cy kluczow\u0105 metryk\u0119.<\/p>\n<\/div>\n\n\n\n<div class=\"wp-block-column is-layout-flow wp-block-column-is-layout-flow\">\n<h3 class=\"wp-block-heading has-primary-color has-text-color has-large-font-size\">200<\/h3>\n\n\n\n<h3 class=\"wp-block-heading has-medium-font-size\" style=\"margin-top:16px\">Metryczny dwa<\/h3>\n\n\n\n<p class=\"has-small-font-size\" style=\"margin-top:8px\">To jest drugi opis, prezentuj\u0105cy inn\u0105 wa\u017cn\u0105 metryk\u0119 wydajno\u015bci.<\/p>\n<\/div>\n<\/div>\n\n\n\n<div class=\"wp-block-columns alignwide is-layout-flex wp-container-core-columns-is-layout-08c01c1c wp-block-columns-is-layout-flex\">\n<div class=\"wp-block-column is-layout-flow wp-block-column-is-layout-flow\">\n<h3 class=\"wp-block-heading has-primary-color has-text-color has-large-font-size\">5000+<\/h3>\n\n\n\n<h3 class=\"wp-block-heading has-medium-font-size\" style=\"margin-top:16px\">Trzy metryczne.<\/h3>\n\n\n\n<p class=\"has-small-font-size\" style=\"margin-top:8px\">To trzeci opis, podkre\u015blaj\u0105cy istotn\u0105 metryk\u0119 osi\u0105gni\u0119\u0107.<\/p>\n<\/div>\n\n\n\n<div class=\"wp-block-column is-layout-flow wp-block-column-is-layout-flow\">\n<h3 class=\"wp-block-heading has-primary-color has-text-color has-large-font-size\">400<\/h3>\n\n\n\n<h3 class=\"wp-block-heading has-medium-font-size\" style=\"margin-top:16px\">Czterometrowy<\/h3>\n\n\n\n<p class=\"has-small-font-size\" style=\"margin-top:8px\">Ten opis skupia si\u0119 szczeg\u00f3\u0142owo na czwartej wa\u017cnej statystyce.<\/p>\n<\/div>\n<\/div>\n<\/div>\n\n\n\n<div class=\"wp-block-column is-vertically-aligned-center is-layout-flow wp-container-core-column-is-layout-8a368f38 wp-block-column-is-layout-flow\">\n<figure class=\"wp-block-image\"><img loading=\"lazy\" decoding=\"async\" width=\"1280\" height=\"1600\" class=\"wp-image-21\" src=\"http:\/\/deltaincoming.pl\/wp-content\/uploads\/2025\/02\/9eb1929d208f023203b6f5fbd7e048b09d73beca.jpg\" alt=\"\" style=\"aspect-ratio:4\/3;object-fit:cover\" srcset=\"https:\/\/deltaincoming.pl\/wp-content\/uploads\/2025\/02\/9eb1929d208f023203b6f5fbd7e048b09d73beca.jpg 1280w, https:\/\/deltaincoming.pl\/wp-content\/uploads\/2025\/02\/9eb1929d208f023203b6f5fbd7e048b09d73beca-240x300.jpg 240w, https:\/\/deltaincoming.pl\/wp-content\/uploads\/2025\/02\/9eb1929d208f023203b6f5fbd7e048b09d73beca-819x1024.jpg 819w, https:\/\/deltaincoming.pl\/wp-content\/uploads\/2025\/02\/9eb1929d208f023203b6f5fbd7e048b09d73beca-768x960.jpg 768w, https:\/\/deltaincoming.pl\/wp-content\/uploads\/2025\/02\/9eb1929d208f023203b6f5fbd7e048b09d73beca-1229x1536.jpg 1229w\" sizes=\"auto, (max-width: 1280px) 100vw, 1280px\" \/><\/figure>\n\n\n\n<div class=\"wp-block-group has-tertiary-background-color has-background has-global-padding is-layout-constrained wp-container-core-group-is-layout-24fca791 wp-block-group-is-layout-constrained\" style=\"padding-top:var(--wp--preset--spacing--30);padding-right:24px;padding-bottom:var(--wp--preset--spacing--30);padding-left:24px\">\n<p>To jest cytat z referencji, kt\u00f3ry dzieli si\u0119 wspania\u0142ym do\u015bwiadczeniem z zespo\u0142em.<\/p>\n\n\n\n<div class=\"wp-block-group is-nowrap is-layout-flex wp-container-core-group-is-layout-3b4e9d3e wp-block-group-is-layout-flex\">\n<div class=\"wp-block-group has-global-padding is-layout-constrained wp-block-group-is-layout-constrained\">\n<h4 class=\"wp-block-heading has-small-font-size\">Stanowisko klienta numer dwa<\/h4>\n\n\n\n<p class=\"has-small-font-size\" style=\"margin-top:2px\">Stanowisko zawodowe klienta jeden<\/p>\n<\/div>\n<\/div>\n<\/div>\n<\/div>\n<\/div>\n<\/div>\n","protected":false},"excerpt":{"rendered":"<p>adres na sprzeda\u017c (zapytania sjh5000 (at) gmail.com) Witamy na stronie naszej firmy! Specjalizujemy si\u0119 w organizacji turystyki incoming, oferuj\u0105c kompleksowe us\u0142ugi dla turyst\u00f3w odwiedzaj\u0105cych nasz kraj. Naszym celem jest zapewnienie niezapomnianych wra\u017ce\u0144, indywidualnie dopasowanych do potrzeb i oczekiwa\u0144 ka\u017cdego klienta. Oferujemy: Pozw\u00f3l nam zadba\u0107 o ka\u017cdy detal Twojego pobytu, aby\u015b m\u00f3g\u0142 w pe\u0142ni cieszy\u0107 si\u0119 [&hellip;]<\/p>\n","protected":false},"author":1,"featured_media":0,"parent":0,"menu_order":0,"comment_status":"closed","ping_status":"closed","template":"","meta":{"footnotes":""},"class_list":["post-9","page","type-page","status-publish","hentry"],"_links":{"self":[{"href":"https:\/\/deltaincoming.pl\/index.php\/wp-json\/wp\/v2\/pages\/9","targetHints":{"allow":["GET"]}}],"collection":[{"href":"https:\/\/deltaincoming.pl\/index.php\/wp-json\/wp\/v2\/pages"}],"about":[{"href":"https:\/\/deltaincoming.pl\/index.php\/wp-json\/wp\/v2\/types\/page"}],"author":[{"embeddable":true,"href":"https:\/\/deltaincoming.pl\/index.php\/wp-json\/wp\/v2\/users\/1"}],"replies":[{"embeddable":true,"href":"https:\/\/deltaincoming.pl\/index.php\/wp-json\/wp\/v2\/comments?post=9"}],"version-history":[{"count":4,"href":"https:\/\/deltaincoming.pl\/index.php\/wp-json\/wp\/v2\/pages\/9\/revisions"}],"predecessor-version":[{"id":22,"href":"https:\/\/deltaincoming.pl\/index.php\/wp-json\/wp\/v2\/pages\/9\/revisions\/22"}],"wp:attachment":[{"href":"https:\/\/deltaincoming.pl\/index.php\/wp-json\/wp\/v2\/media?parent=9"}],"curies":[{"name":"wp","href":"https:\/\/api.w.org\/{rel}","templated":true}]}}